{"id":1441,"date":"2026-01-30T16:52:04","date_gmt":"2026-01-30T15:52:04","guid":{"rendered":"https:\/\/kraftmacher.eu\/product-groups\/"},"modified":"2026-01-31T21:06:55","modified_gmt":"2026-01-31T20:06:55","slug":"product-groups","status":"publish","type":"page","link":"https:\/\/kraftmacher.eu\/de\/product-groups\/","title":{"rendered":"Produktgruppen"},"content":{"rendered":"\t\t<div data-elementor-type=\"wp-page\" data-elementor-id=\"1441\" class=\"elementor elementor-1441 elementor-1152\" data-elementor-post-type=\"page\">\n\t\t\t\t<div class=\"elementor-element elementor-element-651fa23 e-flex e-con-boxed e-con e-parent\" data-id=\"651fa23\" data-element_type=\"container\" data-settings=\"{&quot;background_background&quot;:&quot;classic&quot;}\">\n\t\t\t\t\t<div class=\"e-con-inner\">\n\t\t<div class=\"elementor-element elementor-element-d66c053 e-con-full e-flex e-con e-child\" data-id=\"d66c053\" data-element_type=\"container\">\n\t\t\t\t<div class=\"elementor-element elementor-element-3179f07 elementor-widget elementor-widget-image\" data-id=\"3179f07\" data-element_type=\"widget\" data-widget_type=\"image.default\">\n\t\t\t\t\t\t\t\t\t\t\t\t\t\t\t<img fetchpriority=\"high\" decoding=\"async\" width=\"699\" height=\"432\" src=\"https:\/\/kraftmacher.eu\/wp-content\/uploads\/2026\/01\/KraftMacher-products.webp\" class=\"attachment-full size-full wp-image-1442\" alt=\"\" srcset=\"https:\/\/kraftmacher.eu\/wp-content\/uploads\/2026\/01\/KraftMacher-products.webp 699w, https:\/\/kraftmacher.eu\/wp-content\/uploads\/2026\/01\/KraftMacher-products-300x185.webp 300w\" sizes=\"(max-width: 699px) 100vw, 699px\" \/>\t\t\t\t\t\t\t\t\t\t\t\t\t\t\t<\/div>\n\t\t\t\t<\/div>\n\t\t<div class=\"elementor-element elementor-element-fc72eb6 e-con-full e-flex e-con e-child\" data-id=\"fc72eb6\" data-element_type=\"container\">\n\t\t\t\t<div class=\"elementor-element elementor-element-82cd5c9 elementor-widget elementor-widget-image\" data-id=\"82cd5c9\" data-element_type=\"widget\" data-widget_type=\"image.default\">\n\t\t\t\t\t\t\t\t\t\t\t\t\t\t\t<img decoding=\"async\" width=\"50\" height=\"20\" src=\"https:\/\/kraftmacher.eu\/wp-content\/uploads\/2026\/01\/Group-59-1.svg\" class=\"attachment-full size-full wp-image-1283\" alt=\"\" \/>\t\t\t\t\t\t\t\t\t\t\t\t\t\t\t<\/div>\n\t\t\t\t<div class=\"elementor-element elementor-element-a52d3b3 elementor-widget elementor-widget-heading\" data-id=\"a52d3b3\" data-element_type=\"widget\" data-widget_type=\"heading.default\">\n\t\t\t\t\t<h2 class=\"elementor-heading-title elementor-size-default\"><span class=\"red\">\n<\/span> Produktgruppen<\/h2>\t\t\t\t<\/div>\n\t\t\t\t<div class=\"elementor-element elementor-element-4dbd1a5 elementor-widget elementor-widget-text-editor\" data-id=\"4dbd1a5\" data-element_type=\"widget\" data-widget_type=\"text-editor.default\">\n\t\t\t\t\t\t\t\t\t<p><span style=\"font-weight: 400;\">lOREM iPSUM lOREM iPSUM lOREM iPSUM lOREM iPSUMlOREM iPSUMlOREM iPSUMlOREM iPSUMlOREM iPSUMlOREM iPSUMlOREM iPSUMlOREM iPSUM<\/span><\/p>\t\t\t\t\t\t\t\t<\/div>\n\t\t\t\t<\/div>\n\t\t\t\t\t<\/div>\n\t\t\t\t<\/div>\n\t\t<div class=\"elementor-element elementor-element-615cd65 e-grid group e-con-boxed e-con e-parent\" data-id=\"615cd65\" data-element_type=\"container\">\n\t\t\t\t\t<div class=\"e-con-inner\">\n\t\t<div class=\"elementor-element elementor-element-f0d4a48 e-con-full e-flex e-con e-child\" data-id=\"f0d4a48\" data-element_type=\"container\" data-settings=\"{&quot;background_background&quot;:&quot;classic&quot;}\">\n\t\t\t\t<div class=\"elementor-element elementor-element-2fc0837 elementor-widget elementor-widget-heading\" data-id=\"2fc0837\" data-element_type=\"widget\" data-widget_type=\"heading.default\">\n\t\t\t\t\t<h3 class=\"elementor-heading-title elementor-size-default\">Z\u00dcNDKERZEN<\/h3>\t\t\t\t<\/div>\n\t\t\t\t<div class=\"elementor-element elementor-element-2b2a187 elementor-widget elementor-widget-text-editor\" data-id=\"2b2a187\" data-element_type=\"widget\" data-widget_type=\"text-editor.default\">\n\t\t\t\t\t\t\t\t\tGleichbleibende Z\u00fcndleistung und stabile Verbrennung.\t\t\t\t\t\t\t\t<\/div>\n\t\t\t\t<div class=\"elementor-element elementor-element-8892d8b elementor-widget elementor-widget-button\" data-id=\"8892d8b\" data-element_type=\"widget\" data-widget_type=\"button.default\">\n\t\t\t\t\t\t\t\t\t\t<a class=\"elementor-button elementor-button-link elementor-size-sm\" href=\"https:\/\/kraftmacher.eu\/de\/spark-plugs\/\">\n\t\t\t\t\t\t<span class=\"elementor-button-content-wrapper\">\n\t\t\t\t\t\t\t\t\t<span class=\"elementor-button-text\">Jetzt entdecken<\/span>\n\t\t\t\t\t<\/span>\n\t\t\t\t\t<\/a>\n\t\t\t\t\t\t\t\t<\/div>\n\t\t\t\t<\/div>\n\t\t<div class=\"elementor-element elementor-element-9b32123 e-con-full e-flex e-con e-child\" data-id=\"9b32123\" data-element_type=\"container\" data-settings=\"{&quot;background_background&quot;:&quot;classic&quot;}\">\n\t\t\t\t<div class=\"elementor-element elementor-element-28297ff elementor-widget elementor-widget-heading\" data-id=\"28297ff\" data-element_type=\"widget\" data-widget_type=\"heading.default\">\n\t\t\t\t\t<h3 class=\"elementor-heading-title elementor-size-default\">KFZ-BELEUCHTUNG<\/h3>\t\t\t\t<\/div>\n\t\t\t\t<div class=\"elementor-element elementor-element-924c561 elementor-widget elementor-widget-text-editor\" data-id=\"924c561\" data-element_type=\"widget\" data-widget_type=\"text-editor.default\">\n\t\t\t\t\t\t\t\t\tBew\u00e4hrte Halogenbeleuchtungsl\u00f6sungen mit stabiler Lichtleistung und Einhaltung gesetzlicher Vorschriften.\t\t\t\t\t\t\t\t<\/div>\n\t\t\t\t<div class=\"elementor-element elementor-element-f9ddba1 elementor-widget elementor-widget-button\" data-id=\"f9ddba1\" data-element_type=\"widget\" data-widget_type=\"button.default\">\n\t\t\t\t\t\t\t\t\t\t<a class=\"elementor-button elementor-button-link elementor-size-sm\" href=\"https:\/\/kraftmacher.eu\/de\/automotive-light-bulbs\/\">\n\t\t\t\t\t\t<span class=\"elementor-button-content-wrapper\">\n\t\t\t\t\t\t\t\t\t<span class=\"elementor-button-text\">Jetzt entdecken<\/span>\n\t\t\t\t\t<\/span>\n\t\t\t\t\t<\/a>\n\t\t\t\t\t\t\t\t<\/div>\n\t\t\t\t<\/div>\n\t\t<div class=\"elementor-element elementor-element-d4c8ddb e-con-full e-flex e-con e-child\" data-id=\"d4c8ddb\" data-element_type=\"container\" data-settings=\"{&quot;background_background&quot;:&quot;classic&quot;}\">\n\t\t\t\t<div class=\"elementor-element elementor-element-a3903f2 elementor-widget elementor-widget-heading\" data-id=\"a3903f2\" data-element_type=\"widget\" data-widget_type=\"heading.default\">\n\t\t\t\t\t<h3 class=\"elementor-heading-title elementor-size-default\">Kraftstoffpumpen<\/h3>\t\t\t\t<\/div>\n\t\t\t\t<div class=\"elementor-element elementor-element-b7549a1 elementor-widget elementor-widget-text-editor\" data-id=\"b7549a1\" data-element_type=\"widget\" data-widget_type=\"text-editor.default\">\n\t\t\t\t\t\t\t\t\tKontrollierter Kraftstoffdruck und zuverl\u00e4ssige Kraftstoffzufuhr f\u00fcr moderne Benzinkraftstoffsysteme.\t\t\t\t\t\t\t\t<\/div>\n\t\t\t\t<div class=\"elementor-element elementor-element-8857245 elementor-widget elementor-widget-button\" data-id=\"8857245\" data-element_type=\"widget\" data-widget_type=\"button.default\">\n\t\t\t\t\t\t\t\t\t\t<a class=\"elementor-button elementor-button-link elementor-size-sm\" href=\"https:\/\/kraftmacher.eu\/de\/fuel-pumps\/\">\n\t\t\t\t\t\t<span class=\"elementor-button-content-wrapper\">\n\t\t\t\t\t\t\t\t\t<span class=\"elementor-button-text\">Jetzt entdecken<\/span>\n\t\t\t\t\t<\/span>\n\t\t\t\t\t<\/a>\n\t\t\t\t\t\t\t\t<\/div>\n\t\t\t\t<\/div>\n\t\t<div class=\"elementor-element elementor-element-f761f97 e-con-full e-flex e-con e-child\" data-id=\"f761f97\" data-element_type=\"container\" data-settings=\"{&quot;background_background&quot;:&quot;classic&quot;}\">\n\t\t\t\t<div class=\"elementor-element elementor-element-f8fade4 elementor-widget elementor-widget-heading\" data-id=\"f8fade4\" data-element_type=\"widget\" data-widget_type=\"heading.default\">\n\t\t\t\t\t<h3 class=\"elementor-heading-title elementor-size-default\">LAMBDASONDEN<\/h3>\t\t\t\t<\/div>\n\t\t\t\t<div class=\"elementor-element elementor-element-bab63e8 elementor-widget elementor-widget-text-editor\" data-id=\"bab63e8\" data-element_type=\"widget\" data-widget_type=\"text-editor.default\">\n\t\t\t\t\t\t\t\t\t<p>Stabile Spannungstransformation und vorhersehbares Z\u00fcndverhalten.<\/p>\t\t\t\t\t\t\t\t<\/div>\n\t\t\t\t<div class=\"elementor-element elementor-element-a0b1403 elementor-widget elementor-widget-button\" data-id=\"a0b1403\" data-element_type=\"widget\" data-widget_type=\"button.default\">\n\t\t\t\t\t\t\t\t\t\t<a class=\"elementor-button elementor-button-link elementor-size-sm\" href=\"https:\/\/kraftmacher.eu\/de\/oxygen-sensors\/\">\n\t\t\t\t\t\t<span class=\"elementor-button-content-wrapper\">\n\t\t\t\t\t\t\t\t\t<span class=\"elementor-button-text\">Jetzt entdecken<\/span>\n\t\t\t\t\t<\/span>\n\t\t\t\t\t<\/a>\n\t\t\t\t\t\t\t\t<\/div>\n\t\t\t\t<\/div>\n\t\t<div class=\"elementor-element elementor-element-57d2db5 e-con-full e-flex e-con e-child\" data-id=\"57d2db5\" data-element_type=\"container\" data-settings=\"{&quot;background_background&quot;:&quot;classic&quot;}\">\n\t\t\t\t<div class=\"elementor-element elementor-element-28ee2bd elementor-widget elementor-widget-heading\" data-id=\"28ee2bd\" data-element_type=\"widget\" data-widget_type=\"heading.default\">\n\t\t\t\t\t<h3 class=\"elementor-heading-title elementor-size-default\">Z\u00fcndspulen\n<\/h3>\t\t\t\t<\/div>\n\t\t\t\t<div class=\"elementor-element elementor-element-a784c6a elementor-widget elementor-widget-text-editor\" data-id=\"a784c6a\" data-element_type=\"widget\" data-widget_type=\"text-editor.default\">\n\t\t\t\t\t\t\t\t\tStable voltage transformation and predictable ignition behavior.\t\t\t\t\t\t\t\t<\/div>\n\t\t\t\t<div class=\"elementor-element elementor-element-d312b59 elementor-widget elementor-widget-button\" data-id=\"d312b59\" data-element_type=\"widget\" data-widget_type=\"button.default\">\n\t\t\t\t\t\t\t\t\t\t<a class=\"elementor-button elementor-button-link elementor-size-sm\" href=\"https:\/\/kraftmacher.eu\/de\/ignition-coils\/\">\n\t\t\t\t\t\t<span class=\"elementor-button-content-wrapper\">\n\t\t\t\t\t\t\t\t\t<span class=\"elementor-button-text\">Jetzt entdecken<\/span>\n\t\t\t\t\t<\/span>\n\t\t\t\t\t<\/a>\n\t\t\t\t\t\t\t\t<\/div>\n\t\t\t\t<\/div>\n\t\t\t\t\t<\/div>\n\t\t\t\t<\/div>\n\t\t\t\t<\/div>\n\t\t","protected":false},"excerpt":{"rendered":"<p>Produktgruppen lOREM iPSUM lOREM iPSUM lOREM iPSUM lOREM iPSUMlOREM iPSUMlOREM iPSUMlOREM iPSUMlOREM iPSUMlOREM iPSUMlOREM iPSUMlOREM iPSUM Z\u00dcNDKERZEN Gleichbleibende Z\u00fcndleistung und stabile Verbrennung. Jetzt entdecken KFZ-BELEUCHTUNG Bew\u00e4hrte Halogenbeleuchtungsl\u00f6sungen mit stabiler Lichtleistung und Einhaltung gesetzlicher Vorschriften. Jetzt entdecken Kraftstoffpumpen Kontrollierter Kraftstoffdruck und zuverl\u00e4ssige Kraftstoffzufuhr f\u00fcr moderne Benzinkraftstoffsysteme. Jetzt entdecken LAMBDASONDEN Stabile Spannungstransformation und vorhersehbares Z\u00fcndverhalten. Jetzt entdecken [&hellip;]<\/p>\n","protected":false},"author":2,"featured_media":0,"parent":0,"menu_order":0,"comment_status":"closed","ping_status":"closed","template":"","meta":{"footnotes":""},"class_list":["post-1441","page","type-page","status-publish","hentry"],"yoast_head":"<!-- This site is optimized with the Yoast SEO plugin v26.8 - https:\/\/yoast.com\/product\/yoast-seo-wordpress\/ -->\n<title>Produktgruppen - kraftmacherautoparts.com<\/title>\n<meta name=\"robots\" content=\"index, follow, max-snippet:-1, max-image-preview:large, max-video-preview:-1\" \/>\n<link rel=\"canonical\" href=\"https:\/\/kraftmacher.eu\/de\/product-groups\/\" \/>\n<meta property=\"og:locale\" content=\"de_DE\" \/>\n<meta property=\"og:type\" content=\"article\" \/>\n<meta property=\"og:title\" content=\"Produktgruppen - kraftmacherautoparts.com\" \/>\n<meta property=\"og:description\" content=\"Produktgruppen lOREM iPSUM lOREM iPSUM lOREM iPSUM lOREM iPSUMlOREM iPSUMlOREM iPSUMlOREM iPSUMlOREM iPSUMlOREM iPSUMlOREM iPSUMlOREM iPSUM Z\u00dcNDKERZEN Gleichbleibende Z\u00fcndleistung und stabile Verbrennung. Jetzt entdecken KFZ-BELEUCHTUNG Bew\u00e4hrte Halogenbeleuchtungsl\u00f6sungen mit stabiler Lichtleistung und Einhaltung gesetzlicher Vorschriften. Jetzt entdecken Kraftstoffpumpen Kontrollierter Kraftstoffdruck und zuverl\u00e4ssige Kraftstoffzufuhr f\u00fcr moderne Benzinkraftstoffsysteme. Jetzt entdecken LAMBDASONDEN Stabile Spannungstransformation und vorhersehbares Z\u00fcndverhalten. Jetzt entdecken [&hellip;]\" \/>\n<meta property=\"og:url\" content=\"https:\/\/kraftmacher.eu\/de\/product-groups\/\" \/>\n<meta property=\"og:site_name\" content=\"kraftmacherautoparts.com\" \/>\n<meta property=\"article:modified_time\" content=\"2026-01-31T20:06:55+00:00\" \/>\n<meta property=\"og:image\" content=\"https:\/\/kraftmacher.eu\/wp-content\/uploads\/2026\/01\/KraftMacher-products.webp\" \/>\n\t<meta property=\"og:image:width\" content=\"699\" \/>\n\t<meta property=\"og:image:height\" content=\"432\" \/>\n\t<meta property=\"og:image:type\" content=\"image\/webp\" \/>\n<meta name=\"twitter:card\" content=\"summary_large_image\" \/>\n<script type=\"application\/ld+json\" class=\"yoast-schema-graph\">{\"@context\":\"https:\/\/schema.org\",\"@graph\":[{\"@type\":\"WebPage\",\"@id\":\"https:\/\/kraftmacher.eu\/de\/product-groups\/\",\"url\":\"https:\/\/kraftmacher.eu\/de\/product-groups\/\",\"name\":\"Produktgruppen - kraftmacherautoparts.com\",\"isPartOf\":{\"@id\":\"https:\/\/kraftmacher.eu\/de\/#website\"},\"primaryImageOfPage\":{\"@id\":\"https:\/\/kraftmacher.eu\/de\/product-groups\/#primaryimage\"},\"image\":{\"@id\":\"https:\/\/kraftmacher.eu\/de\/product-groups\/#primaryimage\"},\"thumbnailUrl\":\"https:\/\/kraftmacher.eu\/wp-content\/uploads\/2026\/01\/KraftMacher-products.webp\",\"datePublished\":\"2026-01-30T15:52:04+00:00\",\"dateModified\":\"2026-01-31T20:06:55+00:00\",\"breadcrumb\":{\"@id\":\"https:\/\/kraftmacher.eu\/de\/product-groups\/#breadcrumb\"},\"inLanguage\":\"de\",\"potentialAction\":[{\"@type\":\"ReadAction\",\"target\":[\"https:\/\/kraftmacher.eu\/de\/product-groups\/\"]}]},{\"@type\":\"ImageObject\",\"inLanguage\":\"de\",\"@id\":\"https:\/\/kraftmacher.eu\/de\/product-groups\/#primaryimage\",\"url\":\"https:\/\/kraftmacher.eu\/wp-content\/uploads\/2026\/01\/KraftMacher-products.webp\",\"contentUrl\":\"https:\/\/kraftmacher.eu\/wp-content\/uploads\/2026\/01\/KraftMacher-products.webp\"},{\"@type\":\"BreadcrumbList\",\"@id\":\"https:\/\/kraftmacher.eu\/de\/product-groups\/#breadcrumb\",\"itemListElement\":[{\"@type\":\"ListItem\",\"position\":1,\"name\":\"Home\",\"item\":\"https:\/\/kraftmacher.eu\/de\/\"},{\"@type\":\"ListItem\",\"position\":2,\"name\":\"Produktgruppen\"}]},{\"@type\":\"WebSite\",\"@id\":\"https:\/\/kraftmacher.eu\/de\/#website\",\"url\":\"https:\/\/kraftmacher.eu\/de\/\",\"name\":\"kraftmacher.eu\",\"description\":\"\",\"potentialAction\":[{\"@type\":\"SearchAction\",\"target\":{\"@type\":\"EntryPoint\",\"urlTemplate\":\"https:\/\/kraftmacher.eu\/de\/?s={search_term_string}\"},\"query-input\":{\"@type\":\"PropertyValueSpecification\",\"valueRequired\":true,\"valueName\":\"search_term_string\"}}],\"inLanguage\":\"de\"}]}<\/script>\n<!-- \/ Yoast SEO plugin. -->","yoast_head_json":{"title":"Produktgruppen - kraftmacherautoparts.com","robots":{"index":"index","follow":"follow","max-snippet":"max-snippet:-1","max-image-preview":"max-image-preview:large","max-video-preview":"max-video-preview:-1"},"canonical":"https:\/\/kraftmacher.eu\/de\/product-groups\/","og_locale":"de_DE","og_type":"article","og_title":"Produktgruppen - kraftmacherautoparts.com","og_description":"Produktgruppen lOREM iPSUM lOREM iPSUM lOREM iPSUM lOREM iPSUMlOREM iPSUMlOREM iPSUMlOREM iPSUMlOREM iPSUMlOREM iPSUMlOREM iPSUMlOREM iPSUM Z\u00dcNDKERZEN Gleichbleibende Z\u00fcndleistung und stabile Verbrennung. Jetzt entdecken KFZ-BELEUCHTUNG Bew\u00e4hrte Halogenbeleuchtungsl\u00f6sungen mit stabiler Lichtleistung und Einhaltung gesetzlicher Vorschriften. Jetzt entdecken Kraftstoffpumpen Kontrollierter Kraftstoffdruck und zuverl\u00e4ssige Kraftstoffzufuhr f\u00fcr moderne Benzinkraftstoffsysteme. Jetzt entdecken LAMBDASONDEN Stabile Spannungstransformation und vorhersehbares Z\u00fcndverhalten. Jetzt entdecken [&hellip;]","og_url":"https:\/\/kraftmacher.eu\/de\/product-groups\/","og_site_name":"kraftmacherautoparts.com","article_modified_time":"2026-01-31T20:06:55+00:00","og_image":[{"width":699,"height":432,"url":"https:\/\/kraftmacher.eu\/wp-content\/uploads\/2026\/01\/KraftMacher-products.webp","type":"image\/webp"}],"twitter_card":"summary_large_image","schema":{"@context":"https:\/\/schema.org","@graph":[{"@type":"WebPage","@id":"https:\/\/kraftmacher.eu\/de\/product-groups\/","url":"https:\/\/kraftmacher.eu\/de\/product-groups\/","name":"Produktgruppen - kraftmacherautoparts.com","isPartOf":{"@id":"https:\/\/kraftmacher.eu\/de\/#website"},"primaryImageOfPage":{"@id":"https:\/\/kraftmacher.eu\/de\/product-groups\/#primaryimage"},"image":{"@id":"https:\/\/kraftmacher.eu\/de\/product-groups\/#primaryimage"},"thumbnailUrl":"https:\/\/kraftmacher.eu\/wp-content\/uploads\/2026\/01\/KraftMacher-products.webp","datePublished":"2026-01-30T15:52:04+00:00","dateModified":"2026-01-31T20:06:55+00:00","breadcrumb":{"@id":"https:\/\/kraftmacher.eu\/de\/product-groups\/#breadcrumb"},"inLanguage":"de","potentialAction":[{"@type":"ReadAction","target":["https:\/\/kraftmacher.eu\/de\/product-groups\/"]}]},{"@type":"ImageObject","inLanguage":"de","@id":"https:\/\/kraftmacher.eu\/de\/product-groups\/#primaryimage","url":"https:\/\/kraftmacher.eu\/wp-content\/uploads\/2026\/01\/KraftMacher-products.webp","contentUrl":"https:\/\/kraftmacher.eu\/wp-content\/uploads\/2026\/01\/KraftMacher-products.webp"},{"@type":"BreadcrumbList","@id":"https:\/\/kraftmacher.eu\/de\/product-groups\/#breadcrumb","itemListElement":[{"@type":"ListItem","position":1,"name":"Home","item":"https:\/\/kraftmacher.eu\/de\/"},{"@type":"ListItem","position":2,"name":"Produktgruppen"}]},{"@type":"WebSite","@id":"https:\/\/kraftmacher.eu\/de\/#website","url":"https:\/\/kraftmacher.eu\/de\/","name":"kraftmacher.eu","description":"","potentialAction":[{"@type":"SearchAction","target":{"@type":"EntryPoint","urlTemplate":"https:\/\/kraftmacher.eu\/de\/?s={search_term_string}"},"query-input":{"@type":"PropertyValueSpecification","valueRequired":true,"valueName":"search_term_string"}}],"inLanguage":"de"}]}},"_hostinger_reach_plugin_has_subscription_block":false,"_hostinger_reach_plugin_is_elementor":false,"_links":{"self":[{"href":"https:\/\/kraftmacher.eu\/de\/wp-json\/wp\/v2\/pages\/1441","targetHints":{"allow":["GET"]}}],"collection":[{"href":"https:\/\/kraftmacher.eu\/de\/wp-json\/wp\/v2\/pages"}],"about":[{"href":"https:\/\/kraftmacher.eu\/de\/wp-json\/wp\/v2\/types\/page"}],"author":[{"embeddable":true,"href":"https:\/\/kraftmacher.eu\/de\/wp-json\/wp\/v2\/users\/2"}],"replies":[{"embeddable":true,"href":"https:\/\/kraftmacher.eu\/de\/wp-json\/wp\/v2\/comments?post=1441"}],"version-history":[{"count":6,"href":"https:\/\/kraftmacher.eu\/de\/wp-json\/wp\/v2\/pages\/1441\/revisions"}],"predecessor-version":[{"id":1448,"href":"https:\/\/kraftmacher.eu\/de\/wp-json\/wp\/v2\/pages\/1441\/revisions\/1448"}],"wp:attachment":[{"href":"https:\/\/kraftmacher.eu\/de\/wp-json\/wp\/v2\/media?parent=1441"}],"curies":[{"name":"wp","href":"https:\/\/api.w.org\/{rel}","templated":true}]}}