{"id":1280,"date":"2026-01-08T09:32:06","date_gmt":"2026-01-08T08:32:06","guid":{"rendered":"https:\/\/kraftmacher.eu\/contacts\/"},"modified":"2026-02-01T08:18:54","modified_gmt":"2026-02-01T07:18:54","slug":"contacts","status":"publish","type":"page","link":"https:\/\/kraftmacher.eu\/de\/contacts\/","title":{"rendered":"Kontakt"},"content":{"rendered":"\t\t<div data-elementor-type=\"wp-page\" data-elementor-id=\"1280\" class=\"elementor elementor-1280 elementor-46\" data-elementor-post-type=\"page\">\n\t\t\t\t<div class=\"elementor-element elementor-element-877752b e-flex e-con-boxed e-con e-parent\" data-id=\"877752b\" data-element_type=\"container\" data-settings=\"{&quot;background_background&quot;:&quot;classic&quot;}\">\n\t\t\t\t\t<div class=\"e-con-inner\">\n\t\t<div class=\"elementor-element elementor-element-a5f2b8a e-con-full e-flex e-con e-child\" data-id=\"a5f2b8a\" data-element_type=\"container\">\n\t\t\t\t<div class=\"elementor-element elementor-element-074ee3f elementor-widget elementor-widget-image\" data-id=\"074ee3f\" data-element_type=\"widget\" data-widget_type=\"image.default\">\n\t\t\t\t\t\t\t\t\t\t\t\t\t\t\t<img fetchpriority=\"high\" decoding=\"async\" width=\"539\" height=\"469\" src=\"https:\/\/kraftmacher.eu\/wp-content\/uploads\/2026\/01\/Contact-KraftMacher.webp\" class=\"attachment-full size-full wp-image-1281\" alt=\"\" srcset=\"https:\/\/kraftmacher.eu\/wp-content\/uploads\/2026\/01\/Contact-KraftMacher.webp 539w, https:\/\/kraftmacher.eu\/wp-content\/uploads\/2026\/01\/Contact-KraftMacher-300x261.webp 300w\" sizes=\"(max-width: 539px) 100vw, 539px\" \/>\t\t\t\t\t\t\t\t\t\t\t\t\t\t\t<\/div>\n\t\t\t\t<\/div>\n\t\t<div class=\"elementor-element elementor-element-efa99be e-con-full e-flex e-con e-child\" data-id=\"efa99be\" data-element_type=\"container\">\n\t\t\t\t<div class=\"elementor-element elementor-element-cc5b9b6 elementor-widget elementor-widget-image\" data-id=\"cc5b9b6\" data-element_type=\"widget\" data-widget_type=\"image.default\">\n\t\t\t\t\t\t\t\t\t\t\t\t\t\t\t<img decoding=\"async\" width=\"50\" height=\"20\" src=\"https:\/\/kraftmacher.eu\/wp-content\/uploads\/2026\/01\/Group-59-1.svg\" class=\"attachment-full size-full wp-image-1283\" alt=\"\" \/>\t\t\t\t\t\t\t\t\t\t\t\t\t\t\t<\/div>\n\t\t\t\t<div class=\"elementor-element elementor-element-0368f51 elementor-widget elementor-widget-heading\" data-id=\"0368f51\" data-element_type=\"widget\" data-widget_type=\"heading.default\">\n\t\t\t\t\t<h2 class=\"elementor-heading-title elementor-size-default\"><span class=\"red\">Kontakt<\/span> KRAFTMACHER<\/h2>\t\t\t\t<\/div>\n\t\t\t\t<div class=\"elementor-element elementor-element-44e21a7 elementor-widget elementor-widget-text-editor\" data-id=\"44e21a7\" data-element_type=\"widget\" data-widget_type=\"text-editor.default\">\n\t\t\t\t\t\t\t\t\t<p>Professionelle Anfragen zu Kfz-Ersatzteill\u00f6sungen und Vertriebspartnerschaften<\/p>\t\t\t\t\t\t\t\t<\/div>\n\t\t\t\t<\/div>\n\t\t\t\t\t<\/div>\n\t\t\t\t<\/div>\n\t\t<div class=\"elementor-element elementor-element-54d79f8 e-flex e-con-boxed e-con e-parent\" data-id=\"54d79f8\" data-element_type=\"container\">\n\t\t\t\t\t<div class=\"e-con-inner\">\n\t\t<div class=\"elementor-element elementor-element-bfd45a6 e-con-full e-flex e-con e-child\" data-id=\"bfd45a6\" data-element_type=\"container\">\n\t\t\t\t<div class=\"elementor-element elementor-element-8900a8d elementor-widget elementor-widget-heading\" data-id=\"8900a8d\" data-element_type=\"widget\" data-widget_type=\"heading.default\">\n\t\t\t\t\t<h2 class=\"elementor-heading-title elementor-size-default\">KONTAKTFORMULAR\n<\/h2>\t\t\t\t<\/div>\n\t\t\t\t<div class=\"elementor-element elementor-element-98fff80 elementor-widget elementor-widget-text-editor\" data-id=\"98fff80\" data-element_type=\"widget\" data-widget_type=\"text-editor.default\">\n\t\t\t\t\t\t\t\t\tDieses Kontaktformular richtet sich an Gesch\u00e4ftskunden und Vertriebspartner. Bitte w\u00e4hlen Sie den Grund Ihrer Anfrage, damit wir Ihr Anliegen effizient weiterleiten k\u00f6nnen.\n\t\t\t\t\t\t\t\t<\/div>\n\t\t\t\t<div class=\"elementor-element elementor-element-4932740 elementor-button-align-stretch elementor-widget elementor-widget-form\" data-id=\"4932740\" data-element_type=\"widget\" data-settings=\"{&quot;button_width&quot;:&quot;33&quot;,&quot;step_next_label&quot;:&quot;Next&quot;,&quot;step_previous_label&quot;:&quot;Previous&quot;,&quot;step_type&quot;:&quot;number_text&quot;,&quot;step_icon_shape&quot;:&quot;circle&quot;}\" data-widget_type=\"form.default\">\n\t\t\t\t\t\t\t<form class=\"elementor-form\" method=\"post\" name=\"Contact Form\" aria-label=\"Contact Form\">\n\t\t\t<input type=\"hidden\" name=\"post_id\" value=\"1280\"\/>\n\t\t\t<input type=\"hidden\" name=\"form_id\" value=\"4932740\"\/>\n\t\t\t<input type=\"hidden\" name=\"referer_title\" value=\"Kontakt - kraftmacherautoparts.com\" \/>\n\n\t\t\t\t\t\t\t<input type=\"hidden\" name=\"queried_id\" value=\"1280\"\/>\n\t\t\t\n\t\t\t<div class=\"elementor-form-fields-wrapper elementor-labels-above\">\n\t\t\t\t\t\t\t\t<div class=\"elementor-field-type-checkbox elementor-field-group elementor-column elementor-field-group-field_ff9aab0 elementor-col-100\">\n\t\t\t\t\t\t\t\t\t\t\t\t<label for=\"form-field-field_ff9aab0\" class=\"elementor-field-label\">\n\t\t\t\t\t\t\t\tAnfragetyp\t\t\t\t\t\t\t<\/label>\n\t\t\t\t\t\t<div class=\"elementor-field-subgroup  elementor-subgroup-inline\"><span class=\"elementor-field-option\"><input type=\"checkbox\" value=\"Kundenanfrage\" id=\"form-field-field_ff9aab0-0\" name=\"form_fields[field_ff9aab0][]\"> <label for=\"form-field-field_ff9aab0-0\">Kundenanfrage<\/label><\/span><span class=\"elementor-field-option\"><input type=\"checkbox\" value=\"H\u00e4ndler-\/Vertriebsanfrage\" id=\"form-field-field_ff9aab0-1\" name=\"form_fields[field_ff9aab0][]\"> <label for=\"form-field-field_ff9aab0-1\">H\u00e4ndler-\/Vertriebsanfrage<\/label><\/span><\/div>\t\t\t\t<\/div>\n\t\t\t\t\t\t\t\t<div class=\"elementor-field-type-text elementor-field-group elementor-column elementor-field-group-name elementor-col-100 elementor-field-required elementor-mark-required\">\n\t\t\t\t\t\t\t\t\t\t\t\t<label for=\"form-field-name\" class=\"elementor-field-label\">\n\t\t\t\t\t\t\t\tVollst\u00e4ndiger Name\t\t\t\t\t\t\t<\/label>\n\t\t\t\t\t\t\t\t\t\t\t\t\t\t<input size=\"1\" type=\"text\" name=\"form_fields[name]\" id=\"form-field-name\" class=\"elementor-field elementor-size-sm  elementor-field-textual\" placeholder=\"David Huber\" required=\"required\">\n\t\t\t\t\t\t\t\t\t\t\t<\/div>\n\t\t\t\t\t\t\t\t<div class=\"elementor-field-type-email elementor-field-group elementor-column elementor-field-group-email elementor-col-100 elementor-field-required elementor-mark-required\">\n\t\t\t\t\t\t\t\t\t\t\t\t<label for=\"form-field-email\" class=\"elementor-field-label\">\n\t\t\t\t\t\t\t\tE-Mail-Adresse\t\t\t\t\t\t\t<\/label>\n\t\t\t\t\t\t\t\t\t\t\t\t\t\t<input size=\"1\" type=\"email\" name=\"form_fields[email]\" id=\"form-field-email\" class=\"elementor-field elementor-size-sm  elementor-field-textual\" placeholder=\"example@gmail.com\" required=\"required\">\n\t\t\t\t\t\t\t\t\t\t\t<\/div>\n\t\t\t\t\t\t\t\t<div class=\"elementor-field-type-text elementor-field-group elementor-column elementor-field-group-field_b5dec89 elementor-col-50 elementor-field-required elementor-mark-required\">\n\t\t\t\t\t\t\t\t\t\t\t\t<label for=\"form-field-field_b5dec89\" class=\"elementor-field-label\">\n\t\t\t\t\t\t\t\tLand\t\t\t\t\t\t\t<\/label>\n\t\t\t\t\t\t\t\t\t\t\t\t\t\t<input size=\"1\" type=\"text\" name=\"form_fields[field_b5dec89]\" id=\"form-field-field_b5dec89\" class=\"elementor-field elementor-size-sm  elementor-field-textual\" placeholder=\"Austria\" required=\"required\">\n\t\t\t\t\t\t\t\t\t\t\t<\/div>\n\t\t\t\t\t\t\t\t<div class=\"elementor-field-type-text elementor-field-group elementor-column elementor-field-group-field_0161b9e elementor-col-50\">\n\t\t\t\t\t\t\t\t\t\t\t\t<label for=\"form-field-field_0161b9e\" class=\"elementor-field-label\">\n\t\t\t\t\t\t\t\tName der Firma\t\t\t\t\t\t\t<\/label>\n\t\t\t\t\t\t\t\t\t\t\t\t\t\t<input size=\"1\" type=\"text\" name=\"form_fields[field_0161b9e]\" id=\"form-field-field_0161b9e\" class=\"elementor-field elementor-size-sm  elementor-field-textual\" placeholder=\"Name der Firma\">\n\t\t\t\t\t\t\t\t\t\t\t<\/div>\n\t\t\t\t\t\t\t\t<div class=\"elementor-field-type-textarea elementor-field-group elementor-column elementor-field-group-message elementor-col-100 elementor-field-required elementor-mark-required\">\n\t\t\t\t\t\t\t\t\t\t\t\t<label for=\"form-field-message\" class=\"elementor-field-label\">\n\t\t\t\t\t\t\t\tNachricht\t\t\t\t\t\t\t<\/label>\n\t\t\t\t\t\t<textarea class=\"elementor-field-textual elementor-field  elementor-size-sm\" name=\"form_fields[message]\" id=\"form-field-message\" rows=\"3\" placeholder=\"Bitte geben Sie Einzelheiten zu Ihrer Anfrage an.\" required=\"required\"><\/textarea>\t\t\t\t<\/div>\n\t\t\t\t\t\t\t\t<div class=\"elementor-field-type-recaptcha_v3 elementor-field-group elementor-column elementor-field-group-field_bdc7e33 elementor-col-100 recaptcha_v3-bottomright\">\n\t\t\t\t\t<div class=\"elementor-field\" id=\"form-field-field_bdc7e33\"><div class=\"elementor-g-recaptcha\" data-sitekey=\"6LcGWFwsAAAAAMIF3oMGVcjJIUCVOKGjYVyl8u_V\" data-type=\"v3\" data-action=\"Form\" data-badge=\"bottomright\" data-size=\"invisible\"><\/div><\/div>\t\t\t\t<\/div>\n\t\t\t\t\t\t\t\t<div class=\"elementor-field-group elementor-column elementor-field-type-submit elementor-col-33 e-form__buttons\">\n\t\t\t\t\t<button class=\"elementor-button elementor-size-sm\" type=\"submit\">\n\t\t\t\t\t\t<span class=\"elementor-button-content-wrapper\">\n\t\t\t\t\t\t\t\t\t\t\t\t\t\t\t\t\t\t\t\t\t\t<span class=\"elementor-button-text\">Anfrage senden<\/span>\n\t\t\t\t\t\t\t\t\t\t\t\t\t<\/span>\n\t\t\t\t\t<\/button>\n\t\t\t\t<\/div>\n\t\t\t<\/div>\n\t\t<\/form>\n\t\t\t\t\t\t<\/div>\n\t\t\t\t<\/div>\n\t\t<div class=\"elementor-element elementor-element-45ecce4 e-con-full e-flex e-con e-child\" data-id=\"45ecce4\" data-element_type=\"container\" data-settings=\"{&quot;background_background&quot;:&quot;classic&quot;}\">\n\t\t\t\t<div class=\"elementor-element elementor-element-c9f8217 elementor-widget elementor-widget-heading\" data-id=\"c9f8217\" data-element_type=\"widget\" data-widget_type=\"heading.default\">\n\t\t\t\t\t<h2 class=\"elementor-heading-title elementor-size-default\">DIREKTER KONTAKT\n<\/h2>\t\t\t\t<\/div>\n\t\t\t\t<div class=\"elementor-element elementor-element-615a5bf elementor-widget elementor-widget-text-editor\" data-id=\"615a5bf\" data-element_type=\"widget\" data-widget_type=\"text-editor.default\">\n\t\t\t\t\t\t\t\t\t<p>F\u00fcr die gesch\u00e4ftliche Kommunikation k\u00f6nnen Sie uns auch per E-Mail erreichen.<\/p>\t\t\t\t\t\t\t\t<\/div>\n\t\t<div class=\"elementor-element elementor-element-4609b2b e-con-full e-flex e-con e-child\" data-id=\"4609b2b\" data-element_type=\"container\">\n\t\t\t\t<div class=\"elementor-element elementor-element-a828e75 elementor-widget elementor-widget-image\" data-id=\"a828e75\" data-element_type=\"widget\" data-widget_type=\"image.default\">\n\t\t\t\t\t\t\t\t\t\t\t\t\t\t\t<img decoding=\"async\" width=\"800\" height=\"641\" src=\"https:\/\/kraftmacher.eu\/wp-content\/uploads\/2026\/01\/Ofiice.webp\" class=\"attachment-full size-full wp-image-1284\" alt=\"\" srcset=\"https:\/\/kraftmacher.eu\/wp-content\/uploads\/2026\/01\/Ofiice.webp 800w, https:\/\/kraftmacher.eu\/wp-content\/uploads\/2026\/01\/Ofiice-300x240.webp 300w, https:\/\/kraftmacher.eu\/wp-content\/uploads\/2026\/01\/Ofiice-768x615.webp 768w\" sizes=\"(max-width: 800px) 100vw, 800px\" \/>\t\t\t\t\t\t\t\t\t\t\t\t\t\t\t<\/div>\n\t\t<div class=\"elementor-element elementor-element-083e908 e-con-full e-flex e-con e-child\" data-id=\"083e908\" data-element_type=\"container\">\n\t\t\t\t<div class=\"elementor-element elementor-element-6a15e35 elementor-position-inline-start elementor-mobile-position-inline-start elementor-view-default elementor-widget elementor-widget-icon-box\" data-id=\"6a15e35\" data-element_type=\"widget\" data-widget_type=\"icon-box.default\">\n\t\t\t\t\t\t\t<div class=\"elementor-icon-box-wrapper\">\n\n\t\t\t\t\t\t<div class=\"elementor-icon-box-icon\">\n\t\t\t\t<a href=\"mailto:info@kraftmacher.eu\" class=\"elementor-icon\" tabindex=\"-1\" aria-label=\"info@kraftmacher.eu\">\n\t\t\t\t<i aria-hidden=\"true\" class=\"icon icon-sms\"><\/i>\t\t\t\t<\/a>\n\t\t\t<\/div>\n\t\t\t\n\t\t\t\t\t\t<div class=\"elementor-icon-box-content\">\n\n\t\t\t\t\t\t\t\t\t<div class=\"elementor-icon-box-title\">\n\t\t\t\t\t\t<a href=\"mailto:info@kraftmacher.eu\" >\n\t\t\t\t\t\t\tinfo@kraftmacher.eu\t\t\t\t\t\t<\/a>\n\t\t\t\t\t<\/div>\n\t\t\t\t\n\t\t\t\t\t\t\t\t\t<p class=\"elementor-icon-box-description\">\n\t\t\t\t\t\tEmail\t\t\t\t\t<\/p>\n\t\t\t\t\n\t\t\t<\/div>\n\t\t\t\n\t\t<\/div>\n\t\t\t\t\t\t<\/div>\n\t\t\t\t<div class=\"elementor-element elementor-element-4118c3b elementor-position-inline-start elementor-mobile-position-inline-start elementor-view-default elementor-widget elementor-widget-icon-box\" data-id=\"4118c3b\" data-element_type=\"widget\" data-widget_type=\"icon-box.default\">\n\t\t\t\t\t\t\t<div class=\"elementor-icon-box-wrapper\">\n\n\t\t\t\t\t\t<div class=\"elementor-icon-box-icon\">\n\t\t\t\t<span  class=\"elementor-icon\">\n\t\t\t\t<i aria-hidden=\"true\" class=\"icon icon-map\"><\/i>\t\t\t\t<\/span>\n\t\t\t<\/div>\n\t\t\t\n\t\t\t\t\t\t<div class=\"elementor-icon-box-content\">\n\n\t\t\t\t\t\t\t\t\t<div class=\"elementor-icon-box-title\">\n\t\t\t\t\t\t<span  >\n\t\t\t\t\t\t\tLeithastra\u00dfe 24, 1200, Wien, \u00d6sterreich\t\t\t\t\t\t<\/span>\n\t\t\t\t\t<\/div>\n\t\t\t\t\n\t\t\t\t\t\t\t\t\t<p class=\"elementor-icon-box-description\">\n\t\t\t\t\t\tAdresse\t\t\t\t\t<\/p>\n\t\t\t\t\n\t\t\t<\/div>\n\t\t\t\n\t\t<\/div>\n\t\t\t\t\t\t<\/div>\n\t\t\t\t<\/div>\n\t\t\t\t<\/div>\n\t\t\t\t<\/div>\n\t\t\t\t\t<\/div>\n\t\t\t\t<\/div>\n\t\t<div class=\"elementor-element elementor-element-3934303 e-flex e-con-boxed e-con e-parent\" data-id=\"3934303\" data-element_type=\"container\">\n\t\t\t\t\t<div class=\"e-con-inner\">\n\t\t<div class=\"elementor-element elementor-element-c98ec21 e-con-full e-flex e-con e-child\" data-id=\"c98ec21\" data-element_type=\"container\" data-settings=\"{&quot;background_background&quot;:&quot;gradient&quot;}\">\n\t\t\t\t<div class=\"elementor-element elementor-element-d996321 elementor-widget__width-initial elementor-widget elementor-widget-heading\" data-id=\"d996321\" data-element_type=\"widget\" data-widget_type=\"heading.default\">\n\t\t\t\t\t<p class=\"elementor-heading-title elementor-size-default\">Alle Anfragen werden im Rahmen unseres professionellen Systems gepr\u00fcft, um eine angemessene technische oder kommerzielle Weiterverfolgung sicherzustellen.\n<\/p>\t\t\t\t<\/div>\n\t\t\t\t<\/div>\n\t\t\t\t\t<\/div>\n\t\t\t\t<\/div>\n\t\t\t\t<\/div>\n\t\t","protected":false},"excerpt":{"rendered":"<p>Kontakt KRAFTMACHER Professionelle Anfragen zu Kfz-Ersatzteill\u00f6sungen und Vertriebspartnerschaften KONTAKTFORMULAR Dieses Kontaktformular richtet sich an Gesch\u00e4ftskunden und Vertriebspartner. Bitte w\u00e4hlen Sie den Grund Ihrer Anfrage, damit wir Ihr Anliegen effizient weiterleiten k\u00f6nnen. DIREKTER KONTAKT F\u00fcr die gesch\u00e4ftliche Kommunikation k\u00f6nnen Sie uns auch per E-Mail erreichen. info@kraftmacher.eu Email Leithastra\u00dfe 24, 1200, Wien, \u00d6sterreich Adresse Alle Anfragen werden [&hellip;]<\/p>\n","protected":false},"author":2,"featured_media":0,"parent":0,"menu_order":0,"comment_status":"closed","ping_status":"closed","template":"","meta":{"footnotes":""},"class_list":["post-1280","page","type-page","status-publish","hentry"],"yoast_head":"<!-- This site is optimized with the Yoast SEO plugin v26.8 - https:\/\/yoast.com\/product\/yoast-seo-wordpress\/ -->\n<title>Kontakt - kraftmacherautoparts.com<\/title>\n<meta name=\"robots\" content=\"index, follow, max-snippet:-1, max-image-preview:large, max-video-preview:-1\" \/>\n<link rel=\"canonical\" href=\"https:\/\/kraftmacher.eu\/de\/contacts\/\" \/>\n<meta property=\"og:locale\" content=\"de_DE\" \/>\n<meta property=\"og:type\" content=\"article\" \/>\n<meta property=\"og:title\" content=\"Kontakt - kraftmacherautoparts.com\" \/>\n<meta property=\"og:description\" content=\"Kontakt KRAFTMACHER Professionelle Anfragen zu Kfz-Ersatzteill\u00f6sungen und Vertriebspartnerschaften KONTAKTFORMULAR Dieses Kontaktformular richtet sich an Gesch\u00e4ftskunden und Vertriebspartner. Bitte w\u00e4hlen Sie den Grund Ihrer Anfrage, damit wir Ihr Anliegen effizient weiterleiten k\u00f6nnen. DIREKTER KONTAKT F\u00fcr die gesch\u00e4ftliche Kommunikation k\u00f6nnen Sie uns auch per E-Mail erreichen. info@kraftmacher.eu Email Leithastra\u00dfe 24, 1200, Wien, \u00d6sterreich Adresse Alle Anfragen werden [&hellip;]\" \/>\n<meta property=\"og:url\" content=\"https:\/\/kraftmacher.eu\/de\/contacts\/\" \/>\n<meta property=\"og:site_name\" content=\"kraftmacherautoparts.com\" \/>\n<meta property=\"article:modified_time\" content=\"2026-02-01T07:18:54+00:00\" \/>\n<meta property=\"og:image\" content=\"https:\/\/kraftmacher.eu\/wp-content\/uploads\/2026\/01\/Contact-KraftMacher.webp\" \/>\n\t<meta property=\"og:image:width\" content=\"539\" \/>\n\t<meta property=\"og:image:height\" content=\"469\" \/>\n\t<meta property=\"og:image:type\" content=\"image\/webp\" \/>\n<meta name=\"twitter:card\" content=\"summary_large_image\" \/>\n<script type=\"application\/ld+json\" class=\"yoast-schema-graph\">{\"@context\":\"https:\/\/schema.org\",\"@graph\":[{\"@type\":\"WebPage\",\"@id\":\"https:\/\/kraftmacher.eu\/de\/contacts\/\",\"url\":\"https:\/\/kraftmacher.eu\/de\/contacts\/\",\"name\":\"Kontakt - kraftmacherautoparts.com\",\"isPartOf\":{\"@id\":\"https:\/\/kraftmacher.eu\/de\/#website\"},\"primaryImageOfPage\":{\"@id\":\"https:\/\/kraftmacher.eu\/de\/contacts\/#primaryimage\"},\"image\":{\"@id\":\"https:\/\/kraftmacher.eu\/de\/contacts\/#primaryimage\"},\"thumbnailUrl\":\"https:\/\/kraftmacher.eu\/wp-content\/uploads\/2026\/01\/Contact-KraftMacher.webp\",\"datePublished\":\"2026-01-08T08:32:06+00:00\",\"dateModified\":\"2026-02-01T07:18:54+00:00\",\"breadcrumb\":{\"@id\":\"https:\/\/kraftmacher.eu\/de\/contacts\/#breadcrumb\"},\"inLanguage\":\"de\",\"potentialAction\":[{\"@type\":\"ReadAction\",\"target\":[\"https:\/\/kraftmacher.eu\/de\/contacts\/\"]}]},{\"@type\":\"ImageObject\",\"inLanguage\":\"de\",\"@id\":\"https:\/\/kraftmacher.eu\/de\/contacts\/#primaryimage\",\"url\":\"https:\/\/kraftmacher.eu\/wp-content\/uploads\/2026\/01\/Contact-KraftMacher.webp\",\"contentUrl\":\"https:\/\/kraftmacher.eu\/wp-content\/uploads\/2026\/01\/Contact-KraftMacher.webp\"},{\"@type\":\"BreadcrumbList\",\"@id\":\"https:\/\/kraftmacher.eu\/de\/contacts\/#breadcrumb\",\"itemListElement\":[{\"@type\":\"ListItem\",\"position\":1,\"name\":\"Home\",\"item\":\"https:\/\/kraftmacher.eu\/de\/\"},{\"@type\":\"ListItem\",\"position\":2,\"name\":\"Kontakt\"}]},{\"@type\":\"WebSite\",\"@id\":\"https:\/\/kraftmacher.eu\/de\/#website\",\"url\":\"https:\/\/kraftmacher.eu\/de\/\",\"name\":\"kraftmacher.eu\",\"description\":\"\",\"potentialAction\":[{\"@type\":\"SearchAction\",\"target\":{\"@type\":\"EntryPoint\",\"urlTemplate\":\"https:\/\/kraftmacher.eu\/de\/?s={search_term_string}\"},\"query-input\":{\"@type\":\"PropertyValueSpecification\",\"valueRequired\":true,\"valueName\":\"search_term_string\"}}],\"inLanguage\":\"de\"}]}<\/script>\n<!-- \/ Yoast SEO plugin. -->","yoast_head_json":{"title":"Kontakt - kraftmacherautoparts.com","robots":{"index":"index","follow":"follow","max-snippet":"max-snippet:-1","max-image-preview":"max-image-preview:large","max-video-preview":"max-video-preview:-1"},"canonical":"https:\/\/kraftmacher.eu\/de\/contacts\/","og_locale":"de_DE","og_type":"article","og_title":"Kontakt - kraftmacherautoparts.com","og_description":"Kontakt KRAFTMACHER Professionelle Anfragen zu Kfz-Ersatzteill\u00f6sungen und Vertriebspartnerschaften KONTAKTFORMULAR Dieses Kontaktformular richtet sich an Gesch\u00e4ftskunden und Vertriebspartner. Bitte w\u00e4hlen Sie den Grund Ihrer Anfrage, damit wir Ihr Anliegen effizient weiterleiten k\u00f6nnen. DIREKTER KONTAKT F\u00fcr die gesch\u00e4ftliche Kommunikation k\u00f6nnen Sie uns auch per E-Mail erreichen. info@kraftmacher.eu Email Leithastra\u00dfe 24, 1200, Wien, \u00d6sterreich Adresse Alle Anfragen werden [&hellip;]","og_url":"https:\/\/kraftmacher.eu\/de\/contacts\/","og_site_name":"kraftmacherautoparts.com","article_modified_time":"2026-02-01T07:18:54+00:00","og_image":[{"width":539,"height":469,"url":"https:\/\/kraftmacher.eu\/wp-content\/uploads\/2026\/01\/Contact-KraftMacher.webp","type":"image\/webp"}],"twitter_card":"summary_large_image","schema":{"@context":"https:\/\/schema.org","@graph":[{"@type":"WebPage","@id":"https:\/\/kraftmacher.eu\/de\/contacts\/","url":"https:\/\/kraftmacher.eu\/de\/contacts\/","name":"Kontakt - kraftmacherautoparts.com","isPartOf":{"@id":"https:\/\/kraftmacher.eu\/de\/#website"},"primaryImageOfPage":{"@id":"https:\/\/kraftmacher.eu\/de\/contacts\/#primaryimage"},"image":{"@id":"https:\/\/kraftmacher.eu\/de\/contacts\/#primaryimage"},"thumbnailUrl":"https:\/\/kraftmacher.eu\/wp-content\/uploads\/2026\/01\/Contact-KraftMacher.webp","datePublished":"2026-01-08T08:32:06+00:00","dateModified":"2026-02-01T07:18:54+00:00","breadcrumb":{"@id":"https:\/\/kraftmacher.eu\/de\/contacts\/#breadcrumb"},"inLanguage":"de","potentialAction":[{"@type":"ReadAction","target":["https:\/\/kraftmacher.eu\/de\/contacts\/"]}]},{"@type":"ImageObject","inLanguage":"de","@id":"https:\/\/kraftmacher.eu\/de\/contacts\/#primaryimage","url":"https:\/\/kraftmacher.eu\/wp-content\/uploads\/2026\/01\/Contact-KraftMacher.webp","contentUrl":"https:\/\/kraftmacher.eu\/wp-content\/uploads\/2026\/01\/Contact-KraftMacher.webp"},{"@type":"BreadcrumbList","@id":"https:\/\/kraftmacher.eu\/de\/contacts\/#breadcrumb","itemListElement":[{"@type":"ListItem","position":1,"name":"Home","item":"https:\/\/kraftmacher.eu\/de\/"},{"@type":"ListItem","position":2,"name":"Kontakt"}]},{"@type":"WebSite","@id":"https:\/\/kraftmacher.eu\/de\/#website","url":"https:\/\/kraftmacher.eu\/de\/","name":"kraftmacher.eu","description":"","potentialAction":[{"@type":"SearchAction","target":{"@type":"EntryPoint","urlTemplate":"https:\/\/kraftmacher.eu\/de\/?s={search_term_string}"},"query-input":{"@type":"PropertyValueSpecification","valueRequired":true,"valueName":"search_term_string"}}],"inLanguage":"de"}]}},"_hostinger_reach_plugin_has_subscription_block":false,"_hostinger_reach_plugin_is_elementor":false,"_links":{"self":[{"href":"https:\/\/kraftmacher.eu\/de\/wp-json\/wp\/v2\/pages\/1280","targetHints":{"allow":["GET"]}}],"collection":[{"href":"https:\/\/kraftmacher.eu\/de\/wp-json\/wp\/v2\/pages"}],"about":[{"href":"https:\/\/kraftmacher.eu\/de\/wp-json\/wp\/v2\/types\/page"}],"author":[{"embeddable":true,"href":"https:\/\/kraftmacher.eu\/de\/wp-json\/wp\/v2\/users\/2"}],"replies":[{"embeddable":true,"href":"https:\/\/kraftmacher.eu\/de\/wp-json\/wp\/v2\/comments?post=1280"}],"version-history":[{"count":11,"href":"https:\/\/kraftmacher.eu\/de\/wp-json\/wp\/v2\/pages\/1280\/revisions"}],"predecessor-version":[{"id":1513,"href":"https:\/\/kraftmacher.eu\/de\/wp-json\/wp\/v2\/pages\/1280\/revisions\/1513"}],"wp:attachment":[{"href":"https:\/\/kraftmacher.eu\/de\/wp-json\/wp\/v2\/media?parent=1280"}],"curies":[{"name":"wp","href":"https:\/\/api.w.org\/{rel}","templated":true}]}}